{"id":85,"date":"2020-12-29T10:17:18","date_gmt":"2020-12-29T13:17:18","guid":{"rendered":"http:\/\/argm.cl\/?page_id=85"},"modified":"2020-12-29T10:17:18","modified_gmt":"2020-12-29T13:17:18","slug":"nosotros","status":"publish","type":"page","link":"https:\/\/argm.cl\/?page_id=85","title":{"rendered":"Equipo y Contacto"},"content":{"rendered":"\n<hr class=\"wp-block-separator is-style-wide\" \/>\n\n\n\n<div class=\"wp-block-jetpack-layout-grid alignfull column1-desktop-grid__span-4 column1-desktop-grid__row-1 column2-desktop-grid__span-8 column2-desktop-grid__start-5 column2-desktop-grid__row-1 column1-tablet-grid__span-4 column1-tablet-grid__row-1 column2-tablet-grid__span-4 column2-tablet-grid__start-5 column2-tablet-grid__row-1 column1-mobile-grid__span-4 column1-mobile-grid__row-1 column2-mobile-grid__span-4 column2-mobile-grid__row-2\">\n<div class=\"wp-block-jetpack-layout-grid-column wp-block-jetpack-layout-grid__padding-none\">\n<figure class=\"wp-block-image size-medium\"><img data-recalc-dims=\"1\" decoding=\"async\" src=\"https:\/\/argmcl.files.wordpress.com\/2021\/01\/unnamed-2.jpg?w=768\" alt=\"\" class=\"wp-image-556\" \/><\/figure>\n<\/div>\n\n\n\n<div class=\"wp-block-jetpack-layout-grid-column wp-block-jetpack-layout-grid__padding-none\">\n<p><strong>Leonardo Gabrielli Corsi<\/strong><\/p>\n\n\n\n<p>Socio<\/p>\n\n\n\n<p>Arquitecto titulado con distinci\u00f3n m\u00e1xima de la Universidad de Chile en el a\u00f1o 2004. Magister en Direcci\u00f3n y Administraci\u00f3n de Proyectos Inmobiliarios de la misma casa de estudios.<\/p>\n\n\n\n<p>Correo electr\u00f3nico: <a href=\"mailto:correoelectronico@ejemplo.com\">lgabrielli@argm.cl<\/a><\/p>\n<\/div>\n<\/div>\n\n\n\n<div class=\"wp-block-jetpack-layout-grid alignfull column1-desktop-grid__span-4 column1-desktop-grid__row-1 column2-desktop-grid__span-8 column2-desktop-grid__start-5 column2-desktop-grid__row-1 column1-tablet-grid__span-4 column1-tablet-grid__row-1 column2-tablet-grid__span-4 column2-tablet-grid__start-5 column2-tablet-grid__row-1 column1-mobile-grid__span-4 column1-mobile-grid__row-1 column2-mobile-grid__span-4 column2-mobile-grid__row-2\">\n<div class=\"wp-block-jetpack-layout-grid-column wp-block-jetpack-layout-grid__padding-none\">\n<figure class=\"wp-block-image size-medium\"><img data-recalc-dims=\"1\" decoding=\"async\" src=\"https:\/\/argmcl.files.wordpress.com\/2021\/01\/img_1062-2.jpg?w=768\" alt=\"\" class=\"wp-image-583\" \/><\/figure>\n<\/div>\n\n\n\n<div class=\"wp-block-jetpack-layout-grid-column wp-block-jetpack-layout-grid__padding-none\">\n<p><strong>Iv\u00e1n Mu\u00f1oz Vel\u00e1squez<\/strong><\/p>\n\n\n\n<p>Socio<\/p>\n\n\n\n<p>Arquitecto titulado con distinci\u00f3n de la Universidad de Chile en el a\u00f1o 1998.<\/p>\n\n\n\n<p>Correo electr\u00f3nico: <a href=\"mailto:imunoz@argm.cl\">imunoz@argm.cl<\/a><\/p>\n<\/div>\n<\/div>\n\n\n\n<p><\/p>\n","protected":false},"excerpt":{"rendered":"","protected":false},"author":1,"featured_media":0,"parent":0,"menu_order":0,"comment_status":"closed","ping_status":"closed","template":"","meta":{"advanced_seo_description":"","jetpack_seo_html_title":"","jetpack_seo_noindex":false,"footnotes":""},"class_list":["post-85","page","type-page","status-publish","hentry","has-post-thumbnail"],"jetpack_sharing_enabled":true,"_links":{"self":[{"href":"https:\/\/argm.cl\/index.php?rest_route=\/wp\/v2\/pages\/85","targetHints":{"allow":["GET"]}}],"collection":[{"href":"https:\/\/argm.cl\/index.php?rest_route=\/wp\/v2\/pages"}],"about":[{"href":"https:\/\/argm.cl\/index.php?rest_route=\/wp\/v2\/types\/page"}],"author":[{"embeddable":true,"href":"https:\/\/argm.cl\/index.php?rest_route=\/wp\/v2\/users\/1"}],"replies":[{"embeddable":true,"href":"https:\/\/argm.cl\/index.php?rest_route=%2Fwp%2Fv2%2Fcomments&post=85"}],"version-history":[{"count":0,"href":"https:\/\/argm.cl\/index.php?rest_route=\/wp\/v2\/pages\/85\/revisions"}],"wp:attachment":[{"href":"https:\/\/argm.cl\/index.php?rest_route=%2Fwp%2Fv2%2Fmedia&parent=85"}],"curies":[{"name":"wp","href":"https:\/\/api.w.org\/{rel}","templated":true}]}}